{"id":189,"date":"2021-07-29T16:30:43","date_gmt":"2021-07-29T14:30:43","guid":{"rendered":"https:\/\/grupodeteatroelbureo.wordpress.com\/?page_id=189"},"modified":"2025-07-02T10:40:08","modified_gmt":"2025-07-02T10:40:08","slug":"entradas","status":"publish","type":"page","link":"https:\/\/lamuestraderubielos.com\/?page_id=189","title":{"rendered":"Reserva entradas\/abonos"},"content":{"rendered":"\n<p class=\"has-text-align-center has-background-background-color has-background has-normal-font-size\"><strong>Reservas On-line<\/strong><\/p>\n\n\n<div class=\"wpforms-container wpforms-container-full\" id=\"wpforms-935\"><form id=\"wpforms-form-935\" class=\"wpforms-validate wpforms-form\" data-formid=\"935\" method=\"post\" enctype=\"multipart\/form-data\" action=\"\/index.php?rest_route=%2Fwp%2Fv2%2Fpages%2F189\" data-token=\"861d0a064e9df73250de839f835de453\"><noscript class=\"wpforms-error-noscript\">Por favor, activa JavaScript en tu navegador para completar este formulario.<\/noscript><div class=\"wpforms-field-container\"><div id=\"wpforms-935-field_1-container\" class=\"wpforms-field wpforms-field-name\" data-field-id=\"1\"><label class=\"wpforms-field-label\" for=\"wpforms-935-field_1\">Nombre 1 <span class=\"wpforms-required-label\">*<\/span><\/label><div class=\"wpforms-field-row wpforms-field-medium\"><div class=\"wpforms-field-row-block wpforms-first wpforms-one-half\"><input type=\"text\" id=\"wpforms-935-field_1\" class=\"wpforms-field-name-first wpforms-field-required\" name=\"wpforms[fields][1][first]\" required><label for=\"wpforms-935-field_1\" class=\"wpforms-field-sublabel after \">Nombre<\/label><\/div><div class=\"wpforms-field-row-block wpforms-one-half\"><input type=\"text\" id=\"wpforms-935-field_1-last\" class=\"wpforms-field-name-last wpforms-field-required\" name=\"wpforms[fields][1][last]\" required><label for=\"wpforms-935-field_1-last\" class=\"wpforms-field-sublabel after \">Apellidos<\/label><\/div><\/div><\/div><div id=\"wpforms-935-field_2-container\" class=\"wpforms-field wpforms-field-email\" data-field-id=\"2\"><label class=\"wpforms-field-label\" for=\"wpforms-935-field_2\">Correo electr\u00f3nico <span class=\"wpforms-required-label\">*<\/span><\/label><input type=\"email\" id=\"wpforms-935-field_2\" class=\"wpforms-field-medium wpforms-field-required\" name=\"wpforms[fields][2]\" required><\/div><div id=\"wpforms-935-field_8-container\" class=\"wpforms-field wpforms-field-text\" data-field-id=\"8\"><label class=\"wpforms-field-label\" for=\"wpforms-935-field_8\">Procedencia <span class=\"wpforms-required-label\">*<\/span><\/label><input type=\"text\" id=\"wpforms-935-field_8\" class=\"wpforms-field-medium wpforms-field-required\" name=\"wpforms[fields][8]\" required><\/div><div id=\"wpforms-935-field_7-container\" class=\"wpforms-field wpforms-field-number\" data-field-id=\"7\"><label class=\"wpforms-field-label\" for=\"wpforms-935-field_7\">Tel\u00e9fono<\/label><input type=\"number\" pattern=\"\\d*\" id=\"wpforms-935-field_7\" class=\"wpforms-field-medium\" name=\"wpforms[fields][7]\" ><\/div><div id=\"wpforms-935-field_3-container\" class=\"wpforms-field wpforms-field-select wpforms-field-select-style-classic\" data-field-id=\"3\"><label class=\"wpforms-field-label\" for=\"wpforms-935-field_3\">Entrada 1<\/label><select id=\"wpforms-935-field_3\" class=\"wpforms-field-medium\" name=\"wpforms[fields][3]\"><option value=\"El viaje del monstruo fiero (El Brujo)\" >El viaje del monstruo fiero (El Brujo)<\/option><option value=\"Tributo (La Teta Calva)\" >Tributo (La Teta Calva)<\/option><option value=\"La historia del Casto Jos\u00e9 (Bureo y La L\u00edrica de Segorbe)\" >La historia del Casto Jos\u00e9 (Bureo y La L\u00edrica de Segorbe)<\/option><option value=\"Charlas de azucarillo (Las Couchers)\" >Charlas de azucarillo (Las Couchers)<\/option><option value=\"Un d\u00eda en el teatro (Teatro Arbol\u00e9)\" >Un d\u00eda en el teatro (Teatro Arbol\u00e9)<\/option><option value=\"Abono (incluye carnet de socio)\" >Abono (incluye carnet de socio)<\/option><\/select><\/div><\/div><div class=\"wpforms-submit-container\" ><input type=\"hidden\" name=\"wpforms[id]\" value=\"935\"><input type=\"hidden\" name=\"wpforms[author]\" value=\"1\"><button type=\"submit\" name=\"wpforms[submit]\" class=\"wpforms-submit \" id=\"wpforms-submit-935\" value=\"wpforms-submit\" aria-live=\"assertive\" data-alt-text=\"Enviando...\" data-submit-text=\"Enviar\">Enviar<\/button><\/div><\/form><\/div>  <!-- .wpforms-container -->\n\n<div class=\"wpforms-container wpforms-container-full\" id=\"wpforms-939\"><form id=\"wpforms-form-939\" class=\"wpforms-validate wpforms-form\" data-formid=\"939\" method=\"post\" enctype=\"multipart\/form-data\" action=\"\/index.php?rest_route=%2Fwp%2Fv2%2Fpages%2F189\" data-token=\"861d0a064e9df73250de839f835de453\"><noscript class=\"wpforms-error-noscript\">Por favor, activa JavaScript en tu navegador para completar este formulario.<\/noscript><div class=\"wpforms-field-container\"><div id=\"wpforms-939-field_1-container\" class=\"wpforms-field wpforms-field-name\" data-field-id=\"1\"><label class=\"wpforms-field-label\" for=\"wpforms-939-field_1\">Nombre 2 <span class=\"wpforms-required-label\">*<\/span><\/label><div class=\"wpforms-field-row wpforms-field-medium\"><div class=\"wpforms-field-row-block wpforms-first wpforms-one-half\"><input type=\"text\" id=\"wpforms-939-field_1\" class=\"wpforms-field-name-first wpforms-field-required\" name=\"wpforms[fields][1][first]\" required><label for=\"wpforms-939-field_1\" class=\"wpforms-field-sublabel after \">Nombre<\/label><\/div><div class=\"wpforms-field-row-block wpforms-one-half\"><input type=\"text\" id=\"wpforms-939-field_1-last\" class=\"wpforms-field-name-last wpforms-field-required\" name=\"wpforms[fields][1][last]\" required><label for=\"wpforms-939-field_1-last\" class=\"wpforms-field-sublabel after \">Apellidos<\/label><\/div><\/div><\/div><div id=\"wpforms-939-field_2-container\" class=\"wpforms-field wpforms-field-email\" data-field-id=\"2\"><label class=\"wpforms-field-label\" for=\"wpforms-939-field_2\">Correo electr\u00f3nico <span class=\"wpforms-required-label\">*<\/span><\/label><input type=\"email\" id=\"wpforms-939-field_2\" class=\"wpforms-field-medium wpforms-field-required\" name=\"wpforms[fields][2]\" required><\/div><div id=\"wpforms-939-field_8-container\" class=\"wpforms-field wpforms-field-text\" data-field-id=\"8\"><label class=\"wpforms-field-label\" for=\"wpforms-939-field_8\">Procedencia <span class=\"wpforms-required-label\">*<\/span><\/label><input type=\"text\" id=\"wpforms-939-field_8\" class=\"wpforms-field-medium wpforms-field-required\" name=\"wpforms[fields][8]\" required><\/div><div id=\"wpforms-939-field_7-container\" class=\"wpforms-field wpforms-field-number\" data-field-id=\"7\"><label class=\"wpforms-field-label\" for=\"wpforms-939-field_7\">Tel\u00e9fono<\/label><input type=\"number\" pattern=\"\\d*\" id=\"wpforms-939-field_7\" class=\"wpforms-field-medium\" name=\"wpforms[fields][7]\" ><\/div><div id=\"wpforms-939-field_3-container\" class=\"wpforms-field wpforms-field-select wpforms-field-select-style-classic\" data-field-id=\"3\"><label class=\"wpforms-field-label\" for=\"wpforms-939-field_3\">Entrada 2<\/label><select id=\"wpforms-939-field_3\" class=\"wpforms-field-medium\" name=\"wpforms[fields][3]\"><option value=\"El viaje del monstruo fiero (El Brujo)\" >El viaje del monstruo fiero (El Brujo)<\/option><option value=\"Tributo (La Teta Calva)\" >Tributo (La Teta Calva)<\/option><option value=\"La historia del Casto Jos\u00e9 (Bureo y La L\u00edrica de Segorbe)\" >La historia del Casto Jos\u00e9 (Bureo y La L\u00edrica de Segorbe)<\/option><option value=\"Charlas de azucarillo (Las Couchers)\" >Charlas de azucarillo (Las Couchers)<\/option><option value=\"Un d\u00eda en el teatro (Teatro Arbol\u00e9)\" >Un d\u00eda en el teatro (Teatro Arbol\u00e9)<\/option><option value=\"Abono (incluye carnet de socio)\" >Abono (incluye carnet de socio)<\/option><\/select><\/div><\/div><div class=\"wpforms-submit-container\" ><input type=\"hidden\" name=\"wpforms[id]\" value=\"939\"><input type=\"hidden\" name=\"wpforms[author]\" value=\"1\"><button type=\"submit\" name=\"wpforms[submit]\" class=\"wpforms-submit \" id=\"wpforms-submit-939\" value=\"wpforms-submit\" aria-live=\"assertive\" data-alt-text=\"Enviando...\" data-submit-text=\"Enviar\">Enviar<\/button><\/div><\/form><\/div>  <!-- .wpforms-container -->\n\n\n<p class=\"has-background-background-color has-background has-normal-font-size\"><strong>Presencial<\/strong><br>En la Oficina de Turismo Plaza Hispanoam\u00e9rica 1 (dentro del patio) Telf. 978 80 40 96 turismo@aytorubielosdemora.com<br><strong>Horario<\/strong><br><strong>De jueves a domingo<\/strong><br> Ma\u00f1anas: de 10:00h a 14:00h<br> Tardes: de 16:00h a 19:00h<\/p>\n\n\n\n<p class=\"has-background-background-color has-background has-normal-font-size\" style=\"line-height:1.5\"><strong>Tel\u00e9fonos de informacion de Muestra y Off<\/strong><br>Organizaci\u00f3n: 609078826<br>Bureo Teatro<br>Ayuntamento 978 804 001<br><strong>Punto de informaci\u00f3n<\/strong><br>Informaci\u00f3n de los espect\u00e1culos, programas y planos de la poblaci\u00f3n en la Oficina de Turismo (Plaza Hispanoam\u00e9rica 1 (dentro del patio)). Rubielos de Mora<\/p>\n\n\n\n<div class=\"wp-block-buttons\">\n<div class=\"wp-block-button\"><a class=\"wp-block-button__link\" href=\"https:\/\/lamuestraderubielos.com\/?page_id=990\">PROGRAMACI\u00d3N 2025<\/a><\/div>\n\n\n\n<div class=\"wp-block-button\"><a class=\"wp-block-button__link\" href=\"https:\/\/lamuestraderubielos.com\/?page_id=993\">ESPECT\u00c1CULOS 2025<\/a><\/div>\n\n\n\n<div class=\"wp-block-button\"><a class=\"wp-block-button__link\" href=\"https:\/\/lamuestraderubielos.com\/?page_id=57\">\u00bfC\u00d3MO LLEGAR?<\/a><\/div>\n\n\n\n<div class=\"wp-block-button\"><a class=\"wp-block-button__link\" href=\"https:\/\/lamuestraderubielos.com\/?page_id=10\">CONTACTO<\/a><\/div>\n\n\n\n<div class=\"wp-block-button\"><a class=\"wp-block-button__link\" href=\"lamuestraderubielos.com\">VOLVER A LA P\u00c1GINA DE INICIO<\/a><\/div>\n<\/div>\n","protected":false},"excerpt":{"rendered":"<p>Reservas On-line PresencialEn la Oficina de Turismo Plaza Hispanoam\u00e9rica 1 (dentro del patio) Telf. 978 80 40 96 turismo@aytorubielosdemora.comHorarioDe jueves<\/p>\n<p><a href=\"https:\/\/lamuestraderubielos.com\/?page_id=189\" class=\"more-link\">Continue reading<span class=\"screen-reader-text\">Reserva entradas\/abonos<\/span><\/a><\/p>\n","protected":false},"author":1,"featured_media":0,"parent":0,"menu_order":0,"comment_status":"closed","ping_status":"closed","template":"","meta":{"om_disable_all_campaigns":false,"_monsterinsights_skip_tracking":false,"_monsterinsights_sitenote_active":false,"_monsterinsights_sitenote_note":"","_monsterinsights_sitenote_category":0},"_links":{"self":[{"href":"https:\/\/lamuestraderubielos.com\/index.php?rest_route=\/wp\/v2\/pages\/189"}],"collection":[{"href":"https:\/\/lamuestraderubielos.com\/index.php?rest_route=\/wp\/v2\/pages"}],"about":[{"href":"https:\/\/lamuestraderubielos.com\/index.php?rest_route=\/wp\/v2\/types\/page"}],"author":[{"embeddable":true,"href":"https:\/\/lamuestraderubielos.com\/index.php?rest_route=\/wp\/v2\/users\/1"}],"replies":[{"embeddable":true,"href":"https:\/\/lamuestraderubielos.com\/index.php?rest_route=%2Fwp%2Fv2%2Fcomments&post=189"}],"version-history":[{"count":26,"href":"https:\/\/lamuestraderubielos.com\/index.php?rest_route=\/wp\/v2\/pages\/189\/revisions"}],"predecessor-version":[{"id":1057,"href":"https:\/\/lamuestraderubielos.com\/index.php?rest_route=\/wp\/v2\/pages\/189\/revisions\/1057"}],"wp:attachment":[{"href":"https:\/\/lamuestraderubielos.com\/index.php?rest_route=%2Fwp%2Fv2%2Fmedia&parent=189"}],"curies":[{"name":"wp","href":"https:\/\/api.w.org\/{rel}","templated":true}]}}