{"id":207,"date":"2021-07-29T16:36:49","date_gmt":"2021-07-29T14:36:49","guid":{"rendered":"https:\/\/grupodeteatroelbureo.wordpress.com\/?page_id=207"},"modified":"2021-08-30T15:55:19","modified_gmt":"2021-08-30T15:55:19","slug":"voluntarios","status":"publish","type":"page","link":"https:\/\/lamuestraderubielos.com\/?page_id=207","title":{"rendered":"Voluntarios"},"content":{"rendered":"\n<p class=\"has-text-align-left has-background-background-color has-background has-normal-font-size\">*\u00bfQu\u00e9 significa ser voluntario la MUESTRA?<br>Colaborar y conocer a personas con tus mismas aficiones<br>Contactar con actores y directores de primer nivel, y vivir desde dentro el ambiente, al<br>lado de profesionales que te guiaran en lo que necesites&#8230; Disponer de entradas para ver algunos espect\u00e1culos<\/p>\n\n\n\n<p class=\"has-text-align-left has-background-background-color has-background has-normal-font-size\">*\u00bfC\u00f3mo puedes colaborar como voluntario?<br>Prensa: publicaciones, contenidos, publicidad y difusi\u00f3n: Si tienes conocimientos<br>period\u00edsticos y\/o comunicaci\u00f3n.<\/p>\n\n\n\n<p class=\"has-text-align-left has-background-background-color has-background has-normal-font-size\">*Contenidos audiovisuales: Si controlas fotograf\u00eda, v\u00eddeo, multimedia, realizaci\u00f3n y<br>edici\u00f3n digital.<\/p>\n\n\n\n<p class=\"has-text-align-left has-background-background-color has-background has-normal-font-size\">*Relaciones p\u00fablicas: Si tienes dotes de comunicaci\u00f3n, poder de convocatoria i se<br>te da bien organizar y reseguir actividades<\/p>\n\n\n\n<p class=\"has-text-align-left has-background-background-color has-background has-normal-font-size\">*Asistente a las compa\u00f1\u00edas: Si, tienes capacidad organizativa, flexibilidad horaria,<br>puntualidad y gestionas bien las dificultades que puedan surgir<\/p>\n\n\n\n<p class=\"has-text-align-left has-background-background-color has-background has-normal-font-size\">*Ayudante de producci\u00f3n: Si quieres hacer de puente entre las necesidades de las<br>compa\u00f1\u00edas , el personal de espacios y el p\u00fablico siendo la cara visible de la Muestra<\/p>\n\n\n\n<p class=\"has-text-align-left has-background-background-color has-background has-normal-font-size\">*Mecenazgo y Patrocinios: Si tienes conocimientos del sector, puedes dar soporte a<br>la organizaci\u00f3n activando contactos y potenciales patrocinadores<\/p>\n\n\n\n<p class=\"has-text-align-left has-background-background-color has-background has-normal-font-size\" style=\"line-height:1\">QUIERO SER VOLUNTARIO<br>*\u00bfD\u00f3nde he de inscribirme?<br>Env\u00edanos un correo electr\u00f3nico con tus datos personales y perfil de voluntario a<br>direccion.muestrarubielos@gmail.com<\/p>\n\n\n\n<div class=\"wp-block-buttons\">\n<div class=\"wp-block-button\"><a class=\"wp-block-button__link\" href=\"https:\/\/lamuestraderubielos.com\/?page_id=204\">PRESENTACI\u00d3N<\/a><\/div>\n\n\n\n<div class=\"wp-block-button\"><a class=\"wp-block-button__link\" href=\"https:\/\/lamuestraderubielos.com\/?page_id=206\">PARTICIPACI\u00d3N<\/a><\/div>\n\n\n\n<div class=\"wp-block-button\"><a class=\"wp-block-button__link\" href=\"https:\/\/lamuestraderubielos.com\/?page_id=208\">EL EQUIPO<\/a><\/div>\n\n\n\n<div class=\"wp-block-button\"><a class=\"wp-block-button__link\" href=\"https:\/\/lamuestraderubielos.com\/?page_id=187\">VOLVER A LA MUESTRA<\/a><\/div>\n\n\n\n<div class=\"wp-block-button\"><a class=\"wp-block-button__link\" href=\"https:\/\/lamuestraderubielos.com\/\">VOLVER A LA P\u00c1GINA DE INICIO<\/a><\/div>\n<\/div>\n","protected":false},"excerpt":{"rendered":"<p>*\u00bfQu\u00e9 significa ser voluntario la MUESTRA?Colaborar y conocer a personas con tus mismas aficionesContactar con actores y directores de primer<\/p>\n<p><a href=\"https:\/\/lamuestraderubielos.com\/?page_id=207\" class=\"more-link\">Continue reading<span class=\"screen-reader-text\">Voluntarios<\/span><\/a><\/p>\n","protected":false},"author":1,"featured_media":0,"parent":0,"menu_order":0,"comment_status":"closed","ping_status":"closed","template":"","meta":{"om_disable_all_campaigns":false,"_monsterinsights_skip_tracking":false,"_monsterinsights_sitenote_active":false,"_monsterinsights_sitenote_note":"","_monsterinsights_sitenote_category":0},"_links":{"self":[{"href":"https:\/\/lamuestraderubielos.com\/index.php?rest_route=\/wp\/v2\/pages\/207"}],"collection":[{"href":"https:\/\/lamuestraderubielos.com\/index.php?rest_route=\/wp\/v2\/pages"}],"about":[{"href":"https:\/\/lamuestraderubielos.com\/index.php?rest_route=\/wp\/v2\/types\/page"}],"author":[{"embeddable":true,"href":"https:\/\/lamuestraderubielos.com\/index.php?rest_route=\/wp\/v2\/users\/1"}],"replies":[{"embeddable":true,"href":"https:\/\/lamuestraderubielos.com\/index.php?rest_route=%2Fwp%2Fv2%2Fcomments&post=207"}],"version-history":[{"count":2,"href":"https:\/\/lamuestraderubielos.com\/index.php?rest_route=\/wp\/v2\/pages\/207\/revisions"}],"predecessor-version":[{"id":513,"href":"https:\/\/lamuestraderubielos.com\/index.php?rest_route=\/wp\/v2\/pages\/207\/revisions\/513"}],"wp:attachment":[{"href":"https:\/\/lamuestraderubielos.com\/index.php?rest_route=%2Fwp%2Fv2%2Fmedia&parent=207"}],"curies":[{"name":"wp","href":"https:\/\/api.w.org\/{rel}","templated":true}]}}