{"id":888,"date":"2024-08-06T10:47:21","date_gmt":"2024-08-06T10:47:21","guid":{"rendered":"https:\/\/lamuestraderubielos.com\/?page_id=888"},"modified":"2024-08-06T17:15:29","modified_gmt":"2024-08-06T17:15:29","slug":"los-mundos-de-amelia","status":"publish","type":"page","link":"https:\/\/lamuestraderubielos.com\/?page_id=888","title":{"rendered":"Los mundos de Amelia"},"content":{"rendered":"\n<p>S\u00e1bado 19 de Octubre a las 12.00h en el Palacio de exposiciones<\/p>\n\n\n\n<p>En esta historia, los m\u00edticos personajes de los cuentos infantiles viven en comunidad en un edificio en el que su due\u00f1a Amelia acaba de fallecer dej\u00e1ndolos desamparados. La heredera, una sobrina de Amelia con muy malas pulgas, quiere derribarlo para convertirlo en un gran Centro Comercial.<\/p>\n\n\n\n<figure class=\"wp-block-gallery columns-2 is-cropped\"><ul class=\"blocks-gallery-grid\"><li class=\"blocks-gallery-item\"><figure><img loading=\"lazy\" width=\"1024\" height=\"819\" src=\"https:\/\/lamuestraderubielos.com\/wp-content\/uploads\/2024\/08\/Amelia-3-scaled-1-1024x819.jpeg\" alt=\"\" data-id=\"889\" data-full-url=\"https:\/\/lamuestraderubielos.com\/wp-content\/uploads\/2024\/08\/Amelia-3-scaled-1.jpeg\" data-link=\"https:\/\/lamuestraderubielos.com\/?attachment_id=889\" class=\"wp-image-889\" srcset=\"https:\/\/lamuestraderubielos.com\/wp-content\/uploads\/2024\/08\/Amelia-3-scaled-1-1024x819.jpeg 1024w, https:\/\/lamuestraderubielos.com\/wp-content\/uploads\/2024\/08\/Amelia-3-scaled-1-300x240.jpeg 300w, https:\/\/lamuestraderubielos.com\/wp-content\/uploads\/2024\/08\/Amelia-3-scaled-1-768x614.jpeg 768w, https:\/\/lamuestraderubielos.com\/wp-content\/uploads\/2024\/08\/Amelia-3-scaled-1-1536x1229.jpeg 1536w, https:\/\/lamuestraderubielos.com\/wp-content\/uploads\/2024\/08\/Amelia-3-scaled-1-2048x1638.jpeg 2048w\" sizes=\"(max-width: 1024px) 100vw, 1024px\" \/><\/figure><\/li><li class=\"blocks-gallery-item\"><figure><img loading=\"lazy\" width=\"1024\" height=\"819\" src=\"https:\/\/lamuestraderubielos.com\/wp-content\/uploads\/2024\/08\/Amelia-8-scaled-1-1024x819.jpeg\" alt=\"\" data-id=\"890\" data-full-url=\"https:\/\/lamuestraderubielos.com\/wp-content\/uploads\/2024\/08\/Amelia-8-scaled-1.jpeg\" data-link=\"https:\/\/lamuestraderubielos.com\/?attachment_id=890\" class=\"wp-image-890\" srcset=\"https:\/\/lamuestraderubielos.com\/wp-content\/uploads\/2024\/08\/Amelia-8-scaled-1-1024x819.jpeg 1024w, https:\/\/lamuestraderubielos.com\/wp-content\/uploads\/2024\/08\/Amelia-8-scaled-1-300x240.jpeg 300w, https:\/\/lamuestraderubielos.com\/wp-content\/uploads\/2024\/08\/Amelia-8-scaled-1-768x614.jpeg 768w, https:\/\/lamuestraderubielos.com\/wp-content\/uploads\/2024\/08\/Amelia-8-scaled-1-1536x1229.jpeg 1536w, https:\/\/lamuestraderubielos.com\/wp-content\/uploads\/2024\/08\/Amelia-8-scaled-1-2048x1638.jpeg 2048w\" sizes=\"(max-width: 1024px) 100vw, 1024px\" \/><\/figure><\/li><\/ul><\/figure>\n\n\n\n<p>Espect\u00e1culo familiar. Aforo limitado.<\/p>\n\n\n\n<p>TEASER:<\/p>\n\n\n\n<figure class=\"wp-block-embed is-type-video is-provider-youtube wp-block-embed-youtube wp-embed-aspect-16-9 wp-has-aspect-ratio\"><div class=\"wp-block-embed__wrapper\">\n<iframe loading=\"lazy\" title=\"Teaser &quot;Los mundos de Amelia&quot; - Factory Producciones\" width=\"920\" height=\"518\" src=\"https:\/\/www.youtube.com\/embed\/FJZEvo5g12Q?feature=oembed\" frameborder=\"0\" allow=\"accelerometer; autoplay; clipboard-write; encrypted-media; gyroscope; picture-in-picture; web-share\" referrerpolicy=\"strict-origin-when-cross-origin\" allowfullscreen><\/iframe>\n<\/div><\/figure>\n\n\n\n<div class=\"wp-block-buttons\">\n<div class=\"wp-block-button\"><a class=\"wp-block-button__link\" href=\"https:\/\/lamuestraderubielos.com\/?page_id=875\">VOLVER A LOS ESPECT\u00c1CULOS 2024<\/a><\/div>\n\n\n\n<div class=\"wp-block-button\"><a class=\"wp-block-button__link\" href=\"https:\/\/lamuestraderubielos.com\/\">VOLVER A LA P\u00c1GINA DE INICIO<\/a><\/div>\n<\/div>\n","protected":false},"excerpt":{"rendered":"<p>S\u00e1bado 19 de Octubre a las 12.00h en el Palacio de exposiciones En esta historia, los m\u00edticos personajes de los<\/p>\n<p><a href=\"https:\/\/lamuestraderubielos.com\/?page_id=888\" class=\"more-link\">Continue reading<span class=\"screen-reader-text\">Los mundos de Amelia<\/span><\/a><\/p>\n","protected":false},"author":1,"featured_media":0,"parent":0,"menu_order":0,"comment_status":"closed","ping_status":"closed","template":"","meta":{"om_disable_all_campaigns":false,"_monsterinsights_skip_tracking":false,"_monsterinsights_sitenote_active":false,"_monsterinsights_sitenote_note":"","_monsterinsights_sitenote_category":0},"_links":{"self":[{"href":"https:\/\/lamuestraderubielos.com\/index.php?rest_route=\/wp\/v2\/pages\/888"}],"collection":[{"href":"https:\/\/lamuestraderubielos.com\/index.php?rest_route=\/wp\/v2\/pages"}],"about":[{"href":"https:\/\/lamuestraderubielos.com\/index.php?rest_route=\/wp\/v2\/types\/page"}],"author":[{"embeddable":true,"href":"https:\/\/lamuestraderubielos.com\/index.php?rest_route=\/wp\/v2\/users\/1"}],"replies":[{"embeddable":true,"href":"https:\/\/lamuestraderubielos.com\/index.php?rest_route=%2Fwp%2Fv2%2Fcomments&post=888"}],"version-history":[{"count":4,"href":"https:\/\/lamuestraderubielos.com\/index.php?rest_route=\/wp\/v2\/pages\/888\/revisions"}],"predecessor-version":[{"id":926,"href":"https:\/\/lamuestraderubielos.com\/index.php?rest_route=\/wp\/v2\/pages\/888\/revisions\/926"}],"wp:attachment":[{"href":"https:\/\/lamuestraderubielos.com\/index.php?rest_route=%2Fwp%2Fv2%2Fmedia&parent=888"}],"curies":[{"name":"wp","href":"https:\/\/api.w.org\/{rel}","templated":true}]}}