{"id":901,"date":"2024-08-06T16:44:37","date_gmt":"2024-08-06T16:44:37","guid":{"rendered":"https:\/\/lamuestraderubielos.com\/?page_id=901"},"modified":"2024-08-06T17:10:30","modified_gmt":"2024-08-06T17:10:30","slug":"el-ultimo-baile","status":"publish","type":"page","link":"https:\/\/lamuestraderubielos.com\/?page_id=901","title":{"rendered":"El \u00faltimo baile"},"content":{"rendered":"\n<p>Domingo 20 de Octubre a las 19.00h en el Palacio de exposiciones<\/p>\n\n\n\n<p>Dos c\u00f3micos, dos viejas glorias del teatro valenciano, reciben la oferta de trabajar juntos en un homenaje a un compa\u00f1ero muerto. Hace diez a\u00f1os que no trabajan juntos. Hace diez a\u00f1os que no se hablan. Aquel podr\u00eda ser su \u00faltimo baile. El \u00faltimo baile quiere ser un homenaje a tantos y tantos actores y actrices teatrales an\u00f3nimos que, con sus espect\u00e1culos, m\u00e1s all\u00e1 del \u00e9xito o del fracaso, del reconocimiento o de los premios, han hecho feliz a mucha gente.<\/p>\n\n\n\n<figure class=\"wp-block-gallery columns-2 is-cropped\"><ul class=\"blocks-gallery-grid\"><li class=\"blocks-gallery-item\"><figure><img loading=\"lazy\" width=\"1024\" height=\"709\" src=\"https:\/\/lamuestraderubielos.com\/wp-content\/uploads\/2024\/08\/ultimo-baile-1-1024x709.jpg\" alt=\"\" data-id=\"902\" data-full-url=\"https:\/\/lamuestraderubielos.com\/wp-content\/uploads\/2024\/08\/ultimo-baile-1.jpg\" data-link=\"https:\/\/lamuestraderubielos.com\/?attachment_id=902\" class=\"wp-image-902\" srcset=\"https:\/\/lamuestraderubielos.com\/wp-content\/uploads\/2024\/08\/ultimo-baile-1-1024x709.jpg 1024w, https:\/\/lamuestraderubielos.com\/wp-content\/uploads\/2024\/08\/ultimo-baile-1-300x208.jpg 300w, https:\/\/lamuestraderubielos.com\/wp-content\/uploads\/2024\/08\/ultimo-baile-1-768x532.jpg 768w, https:\/\/lamuestraderubielos.com\/wp-content\/uploads\/2024\/08\/ultimo-baile-1.jpg 1300w\" sizes=\"(max-width: 1024px) 100vw, 1024px\" \/><\/figure><\/li><li class=\"blocks-gallery-item\"><figure><img loading=\"lazy\" width=\"1024\" height=\"709\" src=\"https:\/\/lamuestraderubielos.com\/wp-content\/uploads\/2024\/08\/ultimo-baile-2-1024x709.jpg\" alt=\"\" data-id=\"903\" data-full-url=\"https:\/\/lamuestraderubielos.com\/wp-content\/uploads\/2024\/08\/ultimo-baile-2.jpg\" data-link=\"https:\/\/lamuestraderubielos.com\/?attachment_id=903\" class=\"wp-image-903\" srcset=\"https:\/\/lamuestraderubielos.com\/wp-content\/uploads\/2024\/08\/ultimo-baile-2-1024x709.jpg 1024w, https:\/\/lamuestraderubielos.com\/wp-content\/uploads\/2024\/08\/ultimo-baile-2-300x208.jpg 300w, https:\/\/lamuestraderubielos.com\/wp-content\/uploads\/2024\/08\/ultimo-baile-2-768x532.jpg 768w, https:\/\/lamuestraderubielos.com\/wp-content\/uploads\/2024\/08\/ultimo-baile-2.jpg 1300w\" sizes=\"(max-width: 1024px) 100vw, 1024px\" \/><\/figure><\/li><\/ul><\/figure>\n\n\n\n<p>Espect\u00e1culo para adultos. Aforo limitado. <\/p>\n\n\n\n<p>TEASER:<\/p>\n\n\n\n<figure class=\"wp-block-embed is-type-video is-provider-youtube wp-block-embed-youtube wp-embed-aspect-16-9 wp-has-aspect-ratio\"><div class=\"wp-block-embed__wrapper\">\n<iframe loading=\"lazy\" title=\"L&#039;\u00faltim ball - L&#039;Horta Teatre\" width=\"920\" height=\"518\" src=\"https:\/\/www.youtube.com\/embed\/3UEF0HKVcYs?feature=oembed\" frameborder=\"0\" allow=\"accelerometer; autoplay; clipboard-write; encrypted-media; gyroscope; picture-in-picture; web-share\" referrerpolicy=\"strict-origin-when-cross-origin\" allowfullscreen><\/iframe>\n<\/div><\/figure>\n\n\n\n<div class=\"wp-block-buttons\">\n<div class=\"wp-block-button\"><a class=\"wp-block-button__link\" href=\"https:\/\/lamuestraderubielos.com\/?page_id=875\">VOLVER A LOS ESPECT\u00c1CULOS 2024<\/a><\/div>\n\n\n\n<div class=\"wp-block-button\"><a class=\"wp-block-button__link\" href=\"https:\/\/lamuestraderubielos.com\/\">VOLVER A LA P\u00c1GINA DE INICIO<\/a><\/div>\n<\/div>\n","protected":false},"excerpt":{"rendered":"<p>Domingo 20 de Octubre a las 19.00h en el Palacio de exposiciones Dos c\u00f3micos, dos viejas glorias del teatro valenciano,<\/p>\n<p><a href=\"https:\/\/lamuestraderubielos.com\/?page_id=901\" class=\"more-link\">Continue reading<span class=\"screen-reader-text\">El \u00faltimo baile<\/span><\/a><\/p>\n","protected":false},"author":1,"featured_media":0,"parent":0,"menu_order":0,"comment_status":"closed","ping_status":"closed","template":"","meta":{"om_disable_all_campaigns":false,"_monsterinsights_skip_tracking":false,"_monsterinsights_sitenote_active":false,"_monsterinsights_sitenote_note":"","_monsterinsights_sitenote_category":0},"_links":{"self":[{"href":"https:\/\/lamuestraderubielos.com\/index.php?rest_route=\/wp\/v2\/pages\/901"}],"collection":[{"href":"https:\/\/lamuestraderubielos.com\/index.php?rest_route=\/wp\/v2\/pages"}],"about":[{"href":"https:\/\/lamuestraderubielos.com\/index.php?rest_route=\/wp\/v2\/types\/page"}],"author":[{"embeddable":true,"href":"https:\/\/lamuestraderubielos.com\/index.php?rest_route=\/wp\/v2\/users\/1"}],"replies":[{"embeddable":true,"href":"https:\/\/lamuestraderubielos.com\/index.php?rest_route=%2Fwp%2Fv2%2Fcomments&post=901"}],"version-history":[{"count":3,"href":"https:\/\/lamuestraderubielos.com\/index.php?rest_route=\/wp\/v2\/pages\/901\/revisions"}],"predecessor-version":[{"id":918,"href":"https:\/\/lamuestraderubielos.com\/index.php?rest_route=\/wp\/v2\/pages\/901\/revisions\/918"}],"wp:attachment":[{"href":"https:\/\/lamuestraderubielos.com\/index.php?rest_route=%2Fwp%2Fv2%2Fmedia&parent=901"}],"curies":[{"name":"wp","href":"https:\/\/api.w.org\/{rel}","templated":true}]}}