{"id":911,"date":"2024-08-06T17:03:26","date_gmt":"2024-08-06T17:03:26","guid":{"rendered":"https:\/\/lamuestraderubielos.com\/?page_id=911"},"modified":"2024-08-30T10:13:13","modified_gmt":"2024-08-30T10:13:13","slug":"la-casa-de-bernarda-alba","status":"publish","type":"page","link":"https:\/\/lamuestraderubielos.com\/?page_id=911","title":{"rendered":"La casa de Bernarda Alba"},"content":{"rendered":"\n<p>S\u00e1bado 26 de Octubre a las 19.00h en el Palacio de exposiciones<\/p>\n\n\n\n<p>En la casa de Bernarda Alba\u00bb se reflejan la Espa\u00f1a de principios del siglo XX. Testimonio de una sociedad&nbsp; tradicional, hip\u00f3crita y religiosa. El amor es un tema secundario donde la represi\u00f3n y la autoridad sobre la mujer prevalecen. Bernarda Alba simboliza a esa sociedad que valora m\u00e1s las apariencias y el qu\u00e9 dir\u00e1n que la felicidad y la libertad individual. Lorca crea unos protagonistas femeninos con nombres muy significativos y a trav\u00e9s de las cuales explicaba as\u00ed el fanatismo religioso y la importancia que se le daba a lo que los dem\u00e1s pensaran en la Espa\u00f1a de aquella \u00e9poca. Finalmente la libertad encarnada por Adela prevalece como una bandera en el tiempo en su tr\u00e1gico final.<\/p>\n\n\n\n<figure class=\"wp-block-gallery columns-2 is-cropped\"><ul class=\"blocks-gallery-grid\"><li class=\"blocks-gallery-item\"><figure><img loading=\"lazy\" width=\"1024\" height=\"683\" src=\"https:\/\/lamuestraderubielos.com\/wp-content\/uploads\/2024\/08\/IMG_3793-1024x683.jpg\" alt=\"\" data-id=\"912\" data-full-url=\"https:\/\/lamuestraderubielos.com\/wp-content\/uploads\/2024\/08\/IMG_3793-scaled.jpg\" data-link=\"https:\/\/lamuestraderubielos.com\/?attachment_id=912\" class=\"wp-image-912\" srcset=\"https:\/\/lamuestraderubielos.com\/wp-content\/uploads\/2024\/08\/IMG_3793-1024x683.jpg 1024w, https:\/\/lamuestraderubielos.com\/wp-content\/uploads\/2024\/08\/IMG_3793-300x200.jpg 300w, https:\/\/lamuestraderubielos.com\/wp-content\/uploads\/2024\/08\/IMG_3793-768x512.jpg 768w, https:\/\/lamuestraderubielos.com\/wp-content\/uploads\/2024\/08\/IMG_3793-1536x1024.jpg 1536w, https:\/\/lamuestraderubielos.com\/wp-content\/uploads\/2024\/08\/IMG_3793-2048x1365.jpg 2048w\" sizes=\"(max-width: 1024px) 100vw, 1024px\" \/><\/figure><\/li><li class=\"blocks-gallery-item\"><figure><img loading=\"lazy\" width=\"1024\" height=\"683\" src=\"https:\/\/lamuestraderubielos.com\/wp-content\/uploads\/2024\/08\/IMG_3789-1024x683.jpg\" alt=\"\" data-id=\"913\" data-full-url=\"https:\/\/lamuestraderubielos.com\/wp-content\/uploads\/2024\/08\/IMG_3789-scaled.jpg\" data-link=\"https:\/\/lamuestraderubielos.com\/?attachment_id=913\" class=\"wp-image-913\" srcset=\"https:\/\/lamuestraderubielos.com\/wp-content\/uploads\/2024\/08\/IMG_3789-1024x683.jpg 1024w, https:\/\/lamuestraderubielos.com\/wp-content\/uploads\/2024\/08\/IMG_3789-300x200.jpg 300w, https:\/\/lamuestraderubielos.com\/wp-content\/uploads\/2024\/08\/IMG_3789-768x512.jpg 768w, https:\/\/lamuestraderubielos.com\/wp-content\/uploads\/2024\/08\/IMG_3789-1536x1024.jpg 1536w, https:\/\/lamuestraderubielos.com\/wp-content\/uploads\/2024\/08\/IMG_3789-2048x1365.jpg 2048w\" sizes=\"(max-width: 1024px) 100vw, 1024px\" \/><\/figure><\/li><\/ul><\/figure>\n\n\n\n<p>Espect\u00e1culo para adultos. Aforo limitado.<\/p>\n\n\n\n<p>TEASER:<\/p>\n\n\n\n<figure class=\"wp-block-video\"><video controls src=\"https:\/\/lamuestraderubielos.com\/wp-content\/uploads\/2024\/08\/teaser-bernarda-alba.mp4\"><\/video><\/figure>\n\n\n\n<div class=\"wp-block-buttons\">\n<div class=\"wp-block-button\"><a class=\"wp-block-button__link\" href=\"https:\/\/lamuestraderubielos.com\/?page_id=875\">VOLVER A LOS ESPECT\u00c1CULOS 2024<\/a><\/div>\n\n\n\n<div class=\"wp-block-button\"><a class=\"wp-block-button__link\" href=\"https:\/\/lamuestraderubielos.com\/\">VOLVER A LA P\u00c1GINA DE INICIO<\/a><\/div>\n<\/div>\n","protected":false},"excerpt":{"rendered":"<p>S\u00e1bado 26 de Octubre a las 19.00h en el Palacio de exposiciones En la casa de Bernarda Alba\u00bb se reflejan<\/p>\n<p><a href=\"https:\/\/lamuestraderubielos.com\/?page_id=911\" class=\"more-link\">Continue reading<span class=\"screen-reader-text\">La casa de Bernarda Alba<\/span><\/a><\/p>\n","protected":false},"author":1,"featured_media":0,"parent":0,"menu_order":0,"comment_status":"closed","ping_status":"closed","template":"","meta":{"om_disable_all_campaigns":false,"_monsterinsights_skip_tracking":false,"_monsterinsights_sitenote_active":false,"_monsterinsights_sitenote_note":"","_monsterinsights_sitenote_category":0},"_links":{"self":[{"href":"https:\/\/lamuestraderubielos.com\/index.php?rest_route=\/wp\/v2\/pages\/911"}],"collection":[{"href":"https:\/\/lamuestraderubielos.com\/index.php?rest_route=\/wp\/v2\/pages"}],"about":[{"href":"https:\/\/lamuestraderubielos.com\/index.php?rest_route=\/wp\/v2\/types\/page"}],"author":[{"embeddable":true,"href":"https:\/\/lamuestraderubielos.com\/index.php?rest_route=\/wp\/v2\/users\/1"}],"replies":[{"embeddable":true,"href":"https:\/\/lamuestraderubielos.com\/index.php?rest_route=%2Fwp%2Fv2%2Fcomments&post=911"}],"version-history":[{"count":2,"href":"https:\/\/lamuestraderubielos.com\/index.php?rest_route=\/wp\/v2\/pages\/911\/revisions"}],"predecessor-version":[{"id":971,"href":"https:\/\/lamuestraderubielos.com\/index.php?rest_route=\/wp\/v2\/pages\/911\/revisions\/971"}],"wp:attachment":[{"href":"https:\/\/lamuestraderubielos.com\/index.php?rest_route=%2Fwp%2Fv2%2Fmedia&parent=911"}],"curies":[{"name":"wp","href":"https:\/\/api.w.org\/{rel}","templated":true}]}}